{"id":15977,"date":"2015-12-08T09:35:33","date_gmt":"2015-12-08T08:35:33","guid":{"rendered":"https:\/\/kanzlei-rosenmueller.de\/?page_id=15977"},"modified":"2019-04-24T13:31:21","modified_gmt":"2019-04-24T11:31:21","slug":"impressum","status":"publish","type":"page","link":"https:\/\/kanzlei-rosenmueller.de\/?page_id=15977","title":{"rendered":"Impressum"},"content":{"rendered":"<p>[vc_row css_animation=&#8220;&#8220; row_type=&#8220;row&#8220; use_row_as_full_screen_section=&#8220;no&#8220; type=&#8220;full_width&#8220; angled_section=&#8220;no&#8220; text_align=&#8220;left&#8220; background_image_as_pattern=&#8220;without_pattern&#8220;][vc_column][vc_column_text]<\/p>\n<h1>Impressum<\/h1>\n<h2>Impressum<\/h2>\n<p><strong>gem\u00e4\u00df \u00a75 TMG:<\/strong>[\/vc_column_text][vc_separator type=&#8220;transparent&#8220; down=&#8220;10&#8243;][vc_column_text]Rechtsanwalt\u00a0Frank\u00a0Rosenm\u00fcller<br \/>\nGr\u00f6pern 54<br \/>\n38350 Helmstedt<br \/>\nDeutschland<br \/>\n<br class=\"\u201cclear\u201c\" \/>Tel. +49 (0)5351 5362 90<br \/>\nFax +49 (0)5351 5362 91<br \/>\n<a href=\"mailto:info@kanzlei-rosenmueller.de\">info@kanzlei-rosenmueller.de<\/a><br \/>\n<br class=\"\u201cclear\u201c\" \/><span style=\"color: #333333;\">Alle Rechtsanw\u00e4lte sind Mitglieder der Rechtsanwaltskammer Braunschweig (<a href=\"http:\/\/www.rak-braunschweig.de\">www.rak-braunschweig.de<\/a>) und als Rechtsanw\u00e4lte zugelassen. Sie sind als Volljuristen nach erfolgter Zulassung durch die Landesjustizverwaltung als unabh\u00e4ngige Organe der Rechtspflege t\u00e4tig.<\/span><br \/>\n<br class=\"\u201cclear\u201c\" \/><span style=\"color: #333333;\">RA Maren Rosenm\u00fcller ist als angestellte Anw\u00e4ltin t\u00e4tig.<\/span><br \/>\n<br class=\"\u201cclear\u201c\" \/><span style=\"color: #333333;\">Der Berufst\u00e4tigkeit liegt die Berufsordnung f\u00fcr Rechtsanw\u00e4lte (BORA), die Bundesrechtsanwaltsordnung (BRAO) und das Rechtsanwaltsverg\u00fctungsgesetz (RVG) zu Grunde.\u00a0Die Vorschriften sind einzusehen bei\u00a0<span style=\"text-decoration: underline;\"><span style=\"color: #003366;\"><a style=\"color: #003366; text-decoration: underline;\" href=\"http:\/\/www.brak.de\/\" target=\"_blank\" rel=\"noopener noreferrer\">www.brak.de<\/a><\/span><\/span>, sowie in einschl\u00e4gigen Werken, die im Buchhandel oder online erh\u00e4ltlich sind.<\/span><br \/>\n<br class=\"\u201cclear\u201c\" \/><span style=\"color: #333333;\">Es wird eine den berufsrechtlichen Anforderungen (hinsichtlich der Rechtsanw\u00e4lte des \u00a7 51 BRAO) entsprechende Berufshaftpflichtversicherung bei der ERGO Versicherung, \u00dcberseering 35, 22297 Hamburg unterhalten. Abgedeckt werden T\u00e4tigkeiten im gesamten Gebiet der EU und den Staaten des Abkommens \u00fcber den europ\u00e4ischen Wirtschaftsraum.<\/span><\/p>\n<p>&nbsp;<\/p>\n<p><span style=\"color: #333333;\">Die Europ\u00e4ische Kommission stellt eine Plattform zur Online-Streitbeilegung (OS) bereit: <a href=\"https:\/\/ec.europa.eu\/consumers\/odr\">https:\/\/ec.europa.eu\/consumers\/odr<\/a>.\u00a0Unsere E-Mail-Adresse finden Sie oben im Impressum.\u00a0Wir sind nicht bereit oder verpflichtet, an Streitbeilegungsverfahren vor einer Verbraucherschlichtungsstelle teilzunehmen.<\/span>[\/vc_column_text][vc_separator type=&#8220;transparent&#8220; down=&#8220;10&#8243;][vc_separator type=&#8220;small&#8220; position=&#8220;left&#8220; down=&#8220;30&#8243;][vc_column_text]<\/p>\n<h3>Bildrechte<\/h3>\n<p>[\/vc_column_text][vc_separator type=&#8220;transparent&#8220; down=&#8220;10&#8243;][vc_column_text]Die ver\u00f6ffentlichten Bilder auf dieser Website unterliegen dem Urheberrecht. Eine Verwertung der Bilder bedarf daher einer Zustimmung der jeweiligen Berechtigten.<\/p>\n<p><a href=\"http:\/\/www.shutterstock.com\/gallery-59632p1.html\" target=\"_blank\" rel=\"noopener noreferrer\">Anneka<\/a><br \/>\n<a href=\"http:\/\/www.shutterstock.com\/gallery-1226492p1.html\" target=\"_blank\" rel=\"noopener noreferrer\">sebra<\/a><br \/>\n<a href=\"http:\/\/www.shutterstock.com\/gallery-87475p1.html\" target=\"_blank\" rel=\"noopener noreferrer\">Sebastian Duda<\/a><br \/>\n<a href=\"http:\/\/www.philigran-studio.de\">wongwean<br \/>\nSebastian Petersen<\/a>[\/vc_column_text][vc_separator type=&#8220;transparent&#8220; down=&#8220;10&#8243;][vc_separator type=&#8220;small&#8220; position=&#8220;left&#8220; down=&#8220;30&#8243;][\/vc_column][\/vc_row][vc_row css_animation=&#8220;&#8220; row_type=&#8220;row&#8220; use_row_as_full_screen_section=&#8220;no&#8220; type=&#8220;full_width&#8220; angled_section=&#8220;no&#8220; text_align=&#8220;left&#8220; background_image_as_pattern=&#8220;without_pattern&#8220;][vc_column][vc_column_text]<\/p>\n<h3>Webdesign<\/h3>\n<p><a href=\"http:\/\/brandhands.de\">Brandhands Markenkommunikation<\/a><\/p>\n<p>&nbsp;<\/p>\n<h3>Content Management<\/h3>\n<p><a href=\"http:\/\/www.warmbein.com\" target=\"_blank\" rel=\"noopener noreferrer\">WARMBEIN kommunikation<\/a><\/p>\n<p>[\/vc_column_text][vc_separator type=&#8220;transparent&#8220; down=&#8220;10&#8243;][vc_separator type=&#8220;small&#8220; position=&#8220;left&#8220; down=&#8220;30&#8243;][vc_column_text]<\/p>\n<h3>Haftung f\u00fcr Inhalte<\/h3>\n<p>[\/vc_column_text][vc_separator type=&#8220;transparent&#8220; down=&#8220;10&#8243;][vc_column_text]Als Diensteanbieter sind wir gem\u00e4\u00df \u00a7 7 Abs.1 TMG f\u00fcr eigene Inhalte auf diesen Seiten nach den allgemeinen Gesetzen verantwortlich. Nach \u00a7\u00a7 8 bis 10 TMG sind wir als Diensteanbieter jedoch nicht verpflichtet, \u00fcbermittelte oder gespeicherte fremde Informationen zu \u00fcberwachen oder nach Umst\u00e4nden zu forschen, die auf eine rechtswidrige T\u00e4tigkeit hinweisen.\u00a0Verpflichtungen zur Entfernung oder Sperrung der Nutzung von Informationen nach den allgemeinen Gesetzen bleiben hiervon unber\u00fchrt. Eine diesbez\u00fcgliche Haftung ist jedoch erst ab dem Zeitpunkt der Kenntnis einer konkreten Rechtsverletzung m\u00f6glich. Bei Bekanntwerden von entsprechenden Rechtsverletzungen werden wir diese Inhalte umgehend entfernen.[\/vc_column_text][vc_separator type=&#8220;transparent&#8220; down=&#8220;10&#8243;][vc_column_text]<\/p>\n<h3>Haftung f\u00fcr Links<\/h3>\n<p>[\/vc_column_text][vc_separator type=&#8220;transparent&#8220; down=&#8220;10&#8243;][vc_column_text]Unser Angebot enth\u00e4lt Links zu externen Websites Dritter, auf deren Inhalte wir keinen Einfluss haben. Deshalb k\u00f6nnen wir f\u00fcr diese fremden Inhalte auch keine Gew\u00e4hr \u00fcbernehmen. F\u00fcr die Inhalte der verlinkten Seiten ist stets der jeweilige Anbieter oder Betreiber der Seiten verantwortlich. Die verlinkten Seiten wurden zum Zeitpunkt der Verlinkung auf m\u00f6gliche Rechtsverst\u00f6\u00dfe \u00fcberpr\u00fcft. Rechtswidrige Inhalte waren zum Zeitpunkt der Verlinkung nicht erkennbar.\u00a0Eine permanente inhaltliche Kontrolle der verlinkten Seiten ist jedoch ohne konkrete Anhaltspunkte einer Rechtsverletzung nicht zumutbar. Bei Bekanntwerden von Rechtsverletzungen werden wir derartige Links umgehend entfernen.[\/vc_column_text][vc_separator type=&#8220;transparent&#8220; down=&#8220;10&#8243;][vc_column_text]<\/p>\n<h3>Urheberrecht<\/h3>\n<p>[\/vc_column_text][vc_separator type=&#8220;transparent&#8220; down=&#8220;10&#8243;][vc_column_text]Die durch die Seitenbetreiber erstellten Inhalte und Werke auf diesen Seiten unterliegen dem deutschen Urheberrecht. Die Vervielf\u00e4ltigung, Bearbeitung, Verbreitung und jede Art der Verwertung au\u00dferhalb der Grenzen des Urheberrechtes bed\u00fcrfen der schriftlichen Zustimmung des jeweiligen Autors bzw. Erstellers. Downloads und Kopien dieser Seite sind nur f\u00fcr den privaten, nicht kommerziellen Gebrauch gestattet.\u00a0Soweit die Inhalte auf dieser Seite nicht vom Betreiber erstellt wurden, werden die Urheberrechte Dritter beachtet. Insbesondere werden Inhalte Dritter als solche gekennzeichnet. Sollten Sie trotzdem auf eine Urheberrechtsverletzung aufmerksam werden, bitten wir um einen entsprechenden Hinweis. Bei Bekanntwerden von Rechtsverletzungen werden wir derartige Inhalte umgehend entfernen.<\/p>\n<p>[\/vc_column_text][vc_separator type=&#8220;transparent&#8220; down=&#8220;10&#8243;][\/vc_column][\/vc_row][vc_row css_animation=&#8220;&#8220; row_type=&#8220;row&#8220; use_row_as_full_screen_section=&#8220;no&#8220; type=&#8220;full_width&#8220; angled_section=&#8220;no&#8220; text_align=&#8220;left&#8220; background_image_as_pattern=&#8220;without_pattern&#8220;][vc_column][vc_empty_space][\/vc_column][\/vc_row]<\/p>\n","protected":false},"excerpt":{"rendered":"<p>[vc_row css_animation=&#8220;&#8220; row_type=&#8220;row&#8220; use_row_as_full_screen_section=&#8220;no&#8220; type=&#8220;full_width&#8220; angled_section=&#8220;no&#8220; text_align=&#8220;left&#8220; background_image_as_pattern=&#8220;without_pattern&#8220;][vc_column][vc_column_text] Impressum Impressum gem\u00e4\u00df \u00a75 TMG:[\/vc_column_text][vc_separator type=&#8220;transparent&#8220; down=&#8220;10&#8243;][vc_column_text]Rechtsanwalt\u00a0Frank\u00a0Rosenm\u00fcller Gr\u00f6pern 54 38350 Helmstedt Deutschland Tel. +49 (0)5351&#8230;<\/p>\n","protected":false},"author":4,"featured_media":0,"parent":0,"menu_order":0,"comment_status":"closed","ping_status":"closed","template":"","meta":{"footnotes":""},"class_list":["post-15977","page","type-page","status-publish","hentry"],"yoast_head":"<!-- This site is optimized with the Yoast SEO plugin v21.7 - https:\/\/yoast.com\/wordpress\/plugins\/seo\/ -->\n<title>Impressum &#8226; Kanzlei Frank und Maren Rosenm\u00fcller<\/title>\n<meta name=\"robots\" content=\"noindex, follow\" \/>\n<meta property=\"og:locale\" content=\"de_DE\" \/>\n<meta property=\"og:type\" content=\"article\" \/>\n<meta property=\"og:title\" content=\"Impressum &#8226; Kanzlei Frank und Maren Rosenm\u00fcller\" \/>\n<meta property=\"og:description\" content=\"[vc_row css_animation=&#8220;&#8220; row_type=&#8220;row&#8220; use_row_as_full_screen_section=&#8220;no&#8220; type=&#8220;full_width&#8220; angled_section=&#8220;no&#8220; text_align=&#8220;left&#8220; background_image_as_pattern=&#8220;without_pattern&#8220;][vc_column][vc_column_text] Impressum Impressum gem\u00e4\u00df \u00a75 TMG:[\/vc_column_text][vc_separator type=&#8220;transparent&#8220; down=&#8220;10&#8243;][vc_column_text]Rechtsanwalt\u00a0Frank\u00a0Rosenm\u00fcller Gr\u00f6pern 54 38350 Helmstedt Deutschland Tel. +49 (0)5351...\" \/>\n<meta property=\"og:url\" content=\"https:\/\/kanzlei-rosenmueller.de\/?page_id=15977\" \/>\n<meta property=\"og:site_name\" content=\"Kanzlei Frank und Maren Rosenm\u00fcller\" \/>\n<meta property=\"article:modified_time\" content=\"2019-04-24T11:31:21+00:00\" \/>\n<meta name=\"twitter:card\" content=\"summary_large_image\" \/>\n<meta name=\"twitter:label1\" content=\"Gesch\u00e4tzte Lesezeit\" \/>\n\t<meta name=\"twitter:data1\" content=\"4\u00a0Minuten\" \/>\n<script type=\"application\/ld+json\" class=\"yoast-schema-graph\">{\"@context\":\"https:\/\/schema.org\",\"@graph\":[{\"@type\":\"WebPage\",\"@id\":\"https:\/\/kanzlei-rosenmueller.de\/?page_id=15977\",\"url\":\"https:\/\/kanzlei-rosenmueller.de\/?page_id=15977\",\"name\":\"Impressum &#8226; Kanzlei Frank und Maren Rosenm\u00fcller\",\"isPartOf\":{\"@id\":\"https:\/\/kanzlei-rosenmueller.de\/#website\"},\"datePublished\":\"2015-12-08T08:35:33+00:00\",\"dateModified\":\"2019-04-24T11:31:21+00:00\",\"breadcrumb\":{\"@id\":\"https:\/\/kanzlei-rosenmueller.de\/?page_id=15977#breadcrumb\"},\"inLanguage\":\"de\",\"potentialAction\":[{\"@type\":\"ReadAction\",\"target\":[\"https:\/\/kanzlei-rosenmueller.de\/?page_id=15977\"]}]},{\"@type\":\"BreadcrumbList\",\"@id\":\"https:\/\/kanzlei-rosenmueller.de\/?page_id=15977#breadcrumb\",\"itemListElement\":[{\"@type\":\"ListItem\",\"position\":1,\"name\":\"Home\",\"item\":\"https:\/\/kanzlei-rosenmueller.de\/\"},{\"@type\":\"ListItem\",\"position\":2,\"name\":\"Impressum\"}]},{\"@type\":\"WebSite\",\"@id\":\"https:\/\/kanzlei-rosenmueller.de\/#website\",\"url\":\"https:\/\/kanzlei-rosenmueller.de\/\",\"name\":\"Kanzlei Frank und Maren Rosenm\u00fcller\",\"description\":\"Rechtsanw\u00e4lte Helmstedt\",\"publisher\":{\"@id\":\"https:\/\/kanzlei-rosenmueller.de\/#organization\"},\"potentialAction\":[{\"@type\":\"SearchAction\",\"target\":{\"@type\":\"EntryPoint\",\"urlTemplate\":\"https:\/\/kanzlei-rosenmueller.de\/?s={search_term_string}\"},\"query-input\":\"required name=search_term_string\"}],\"inLanguage\":\"de\"},{\"@type\":\"Organization\",\"@id\":\"https:\/\/kanzlei-rosenmueller.de\/#organization\",\"name\":\"Kanzlei Rosenm\u00fcller \u2022 Rechtsanw\u00e4lte\",\"url\":\"https:\/\/kanzlei-rosenmueller.de\/\",\"logo\":{\"@type\":\"ImageObject\",\"inLanguage\":\"de\",\"@id\":\"https:\/\/kanzlei-rosenmueller.de\/#\/schema\/logo\/image\/\",\"url\":\"https:\/\/kanzlei-rosenmueller.de\/wp-content\/uploads\/2015\/12\/logo.png\",\"contentUrl\":\"https:\/\/kanzlei-rosenmueller.de\/wp-content\/uploads\/2015\/12\/logo.png\",\"width\":236,\"height\":190,\"caption\":\"Kanzlei Rosenm\u00fcller \u2022 Rechtsanw\u00e4lte\"},\"image\":{\"@id\":\"https:\/\/kanzlei-rosenmueller.de\/#\/schema\/logo\/image\/\"}}]}<\/script>\n<!-- \/ Yoast SEO plugin. -->","yoast_head_json":{"title":"Impressum &#8226; Kanzlei Frank und Maren Rosenm\u00fcller","robots":{"index":"noindex","follow":"follow"},"og_locale":"de_DE","og_type":"article","og_title":"Impressum &#8226; Kanzlei Frank und Maren Rosenm\u00fcller","og_description":"[vc_row css_animation=&#8220;&#8220; row_type=&#8220;row&#8220; use_row_as_full_screen_section=&#8220;no&#8220; type=&#8220;full_width&#8220; angled_section=&#8220;no&#8220; text_align=&#8220;left&#8220; background_image_as_pattern=&#8220;without_pattern&#8220;][vc_column][vc_column_text] Impressum Impressum gem\u00e4\u00df \u00a75 TMG:[\/vc_column_text][vc_separator type=&#8220;transparent&#8220; down=&#8220;10&#8243;][vc_column_text]Rechtsanwalt\u00a0Frank\u00a0Rosenm\u00fcller Gr\u00f6pern 54 38350 Helmstedt Deutschland Tel. +49 (0)5351...","og_url":"https:\/\/kanzlei-rosenmueller.de\/?page_id=15977","og_site_name":"Kanzlei Frank und Maren Rosenm\u00fcller","article_modified_time":"2019-04-24T11:31:21+00:00","twitter_card":"summary_large_image","twitter_misc":{"Gesch\u00e4tzte Lesezeit":"4\u00a0Minuten"},"schema":{"@context":"https:\/\/schema.org","@graph":[{"@type":"WebPage","@id":"https:\/\/kanzlei-rosenmueller.de\/?page_id=15977","url":"https:\/\/kanzlei-rosenmueller.de\/?page_id=15977","name":"Impressum &#8226; Kanzlei Frank und Maren Rosenm\u00fcller","isPartOf":{"@id":"https:\/\/kanzlei-rosenmueller.de\/#website"},"datePublished":"2015-12-08T08:35:33+00:00","dateModified":"2019-04-24T11:31:21+00:00","breadcrumb":{"@id":"https:\/\/kanzlei-rosenmueller.de\/?page_id=15977#breadcrumb"},"inLanguage":"de","potentialAction":[{"@type":"ReadAction","target":["https:\/\/kanzlei-rosenmueller.de\/?page_id=15977"]}]},{"@type":"BreadcrumbList","@id":"https:\/\/kanzlei-rosenmueller.de\/?page_id=15977#breadcrumb","itemListElement":[{"@type":"ListItem","position":1,"name":"Home","item":"https:\/\/kanzlei-rosenmueller.de\/"},{"@type":"ListItem","position":2,"name":"Impressum"}]},{"@type":"WebSite","@id":"https:\/\/kanzlei-rosenmueller.de\/#website","url":"https:\/\/kanzlei-rosenmueller.de\/","name":"Kanzlei Frank und Maren Rosenm\u00fcller","description":"Rechtsanw\u00e4lte Helmstedt","publisher":{"@id":"https:\/\/kanzlei-rosenmueller.de\/#organization"},"potentialAction":[{"@type":"SearchAction","target":{"@type":"EntryPoint","urlTemplate":"https:\/\/kanzlei-rosenmueller.de\/?s={search_term_string}"},"query-input":"required name=search_term_string"}],"inLanguage":"de"},{"@type":"Organization","@id":"https:\/\/kanzlei-rosenmueller.de\/#organization","name":"Kanzlei Rosenm\u00fcller \u2022 Rechtsanw\u00e4lte","url":"https:\/\/kanzlei-rosenmueller.de\/","logo":{"@type":"ImageObject","inLanguage":"de","@id":"https:\/\/kanzlei-rosenmueller.de\/#\/schema\/logo\/image\/","url":"https:\/\/kanzlei-rosenmueller.de\/wp-content\/uploads\/2015\/12\/logo.png","contentUrl":"https:\/\/kanzlei-rosenmueller.de\/wp-content\/uploads\/2015\/12\/logo.png","width":236,"height":190,"caption":"Kanzlei Rosenm\u00fcller \u2022 Rechtsanw\u00e4lte"},"image":{"@id":"https:\/\/kanzlei-rosenmueller.de\/#\/schema\/logo\/image\/"}}]}},"_links":{"self":[{"href":"https:\/\/kanzlei-rosenmueller.de\/index.php?rest_route=\/wp\/v2\/pages\/15977","targetHints":{"allow":["GET"]}}],"collection":[{"href":"https:\/\/kanzlei-rosenmueller.de\/index.php?rest_route=\/wp\/v2\/pages"}],"about":[{"href":"https:\/\/kanzlei-rosenmueller.de\/index.php?rest_route=\/wp\/v2\/types\/page"}],"author":[{"embeddable":true,"href":"https:\/\/kanzlei-rosenmueller.de\/index.php?rest_route=\/wp\/v2\/users\/4"}],"replies":[{"embeddable":true,"href":"https:\/\/kanzlei-rosenmueller.de\/index.php?rest_route=%2Fwp%2Fv2%2Fcomments&post=15977"}],"version-history":[{"count":14,"href":"https:\/\/kanzlei-rosenmueller.de\/index.php?rest_route=\/wp\/v2\/pages\/15977\/revisions"}],"predecessor-version":[{"id":16342,"href":"https:\/\/kanzlei-rosenmueller.de\/index.php?rest_route=\/wp\/v2\/pages\/15977\/revisions\/16342"}],"wp:attachment":[{"href":"https:\/\/kanzlei-rosenmueller.de\/index.php?rest_route=%2Fwp%2Fv2%2Fmedia&parent=15977"}],"curies":[{"name":"wp","href":"https:\/\/api.w.org\/{rel}","templated":true}]}}